{"id":1554,"date":"2020-02-03T20:01:30","date_gmt":"2020-02-03T19:01:30","guid":{"rendered":"https:\/\/groople.ch\/?page_id=1554"},"modified":"2021-05-06T10:13:45","modified_gmt":"2021-05-06T08:13:45","slug":"software-projektwoche-organisation","status":"publish","type":"page","link":"https:\/\/groople.ch\/de\/software-projektwoche-organisation\/","title":{"rendered":"projektwoche\/projekttage"},"content":{"rendered":"<p>[et_pb_section admin_label=&#8220;Section&#8220; fullwidth=&#8220;off&#8220; specialty=&#8220;off&#8220; transparent_background=&#8220;on&#8220; background_color=&#8220;#ffffff&#8220; allow_player_pause=&#8220;off&#8220; inner_shadow=&#8220;off&#8220; parallax=&#8220;off&#8220; parallax_method=&#8220;off&#8220; padding_mobile=&#8220;off&#8220; make_fullwidth=&#8220;off&#8220; use_custom_width=&#8220;off&#8220; width_unit=&#8220;on&#8220; make_equal=&#8220;off&#8220; use_custom_gutter=&#8220;off&#8220; module_class=&#8220;page-aide-1&#8243; custom_css_main_element=&#8220;background:#c9dee6;&#8220;][et_pb_row admin_label=&#8220;Row&#8220;][et_pb_column type=&#8220;4_4&#8243;][et_pb_text admin_label=&#8220;Text&#8220; saved_tabs=&#8220;all&#8220; background_layout=&#8220;light&#8220; text_orientation=&#8220;left&#8220; use_border_color=&#8220;off&#8220; border_color=&#8220;#ffffff&#8220; border_style=&#8220;solid&#8220; header_letter_spacing=&#8220;12px&#8220;]<\/p>\n<h1 style=\"text-align: left;\">Projektwoche &#8211; Projekttage mit der Software Groople<\/h1>\n<h2>Nutzung der Software: Anleitung und Hilfe f\u00fcr Projekttage oder Projektwoche<\/h2>\n<div>\n<p><a href=\"https:\/\/groople.ch\/de\/\"><span style=\"font-weight: 400;\">Groople <\/span><\/a><span style=\"font-weight: 400;\">ist eine <\/span><b>online-L\u00f6sung<\/b><span style=\"font-weight: 400;\"> f\u00fcr die <\/span><b>Organisation <\/b><span style=\"font-weight: 400;\">von Events wie einer <\/span><b>Projektwoche oder Projekttage. Hier finden Sie alle Anleitungen, um Ihre Projektwoche mit Groople zu organisieren.\u00a0<\/b><\/p>\n<p><span style=\"font-weight: 400;\">Der faire Einteilungs-Prozess von Groople beruht darauf, dass die Sch\u00fcler und Sch\u00fclerinnen online eine Wunschliste mit ihren bevorzugten Angeboten in der Reihenfolge ihrer Priorit\u00e4t erstellen. Anschliessend benutzt der Schul-Administrator den automatischen Einteilungsmotor, um die Teilnehmer und Teilnemerinnen gem\u00e4ss ihrer W\u00fcnsche, aber innerhalb der Angebots-Kapazit\u00e4t zu verteilen.<\/span><\/p>\n<p><span style=\"font-weight: 400;\">F\u00fcr die Organisation bedeutet Groople zufriedene Sch\u00fclerinnen und Sch\u00fcler, welche auf dem attraktiven Portal online in aller Ruhe eine Wunschliste erstellen und danach automatisch und wunschgem\u00e4ss eingeteilt werden. Den Modulverantwortlichen k\u00f6nnen die Ber\u00fccksichtigung individueller W\u00fcnsche wie verf\u00fcgbare Zeitfenster oder gew\u00fcnschte minimale\/maximale Sch\u00fcler garantiert werden. Und die Schul-Administrationen k\u00f6nnen mit praktischen Drucksachen wie Pr\u00e4senzlisten, Teilnehmerlisten usw. versorgen werden.<\/span><\/p>\n<h2><span style=\"font-weight: 400;\">Phase 1: Teilnehmer, Gruppen und Kurs-, Wahlfach- oder Modul- Attribute &#8211; Die Schul-Administration legt das Grundger\u00fcst der Projektwoche fest<\/span><\/h2>\n<p><span style=\"font-weight: 400;\">In einem ersten Phase wird die Zeittabelle erfasst, und die <\/span><a href=\"https:\/\/groople.ch\/de\/?p=1526\"><span style=\"font-weight: 400;\">Sch\u00fcler Attribute<\/span><\/a><span style=\"font-weight: 400;\"> sowie <\/span><a href=\"https:\/\/groople.ch\/de\/howto-2\/aktivitiaeten-gruppen-attribute\/\"><span style=\"font-weight: 400;\">Gruppen und Kurs-Attribute<\/span><\/a><span style=\"font-weight: 400;\"> festgelegt. Nachdem das Angebot der Kurse und die Gruppen erfasst sind, werden die Einschreibungs-Optionen eingestellt und die Einteilungsoptionen definiert. Sie k\u00f6nnen <\/span><a href=\"https:\/\/groople.ch\/de\/howto-2\/teilnehmer-importieren\/\"><span style=\"font-weight: 400;\">neue Sch\u00fcler aus XLS importieren<\/span><\/a><span style=\"font-weight: 400;\">. Das <a href=\"https:\/\/groople.ch\/de\/?p=1607\">Interface des Teilnehmerportals<\/a> kann personalisiert werden.<\/span><\/p>\n<h2><span style=\"font-weight: 400;\">Phase 2: Einrichten, Anmeldung der Sch\u00fclerinnen und Sch\u00fcler sowie der Begleitpersonen f\u00fcr Ihre Projektwoche mit der Software Groople<\/span><\/h2>\n<p><span style=\"font-weight: 400;\">In der zweiten Phase k\u00f6nnen Sie als Schul-Administrator das Kurs-<\/span><a href=\"https:\/\/groople.ch\/de\/?p=1575\"><span style=\"font-weight: 400;\">Angebot anpassen<\/span><\/a><span style=\"font-weight: 400;\">, und das <\/span><a href=\"https:\/\/docs.google.com\/presentation\/d\/1ud-BwGBo3SYxq_ZE54BAWhiB-hfy3mAEl3Ysb-EuUVM\/\"><span style=\"font-weight: 400;\">Teilnehmerportal f\u00fcr die Auswahl \u00f6ffnen<\/span><\/a><span style=\"font-weight: 400;\">. Der <\/span><a href=\"https:\/\/groople.ch\/de\/?p=1616\"><span style=\"font-weight: 400;\">Aktivit\u00e4tsleiter kontrolliert ihre Angebote<\/span><\/a><span style=\"font-weight: 400;\">. Mit einem Mausklick erstellt die Online Software Groople automatisch eine <a href=\"https:\/\/groople.ch\/de\/howto-2\/aktivitaets-broschuere-generieren\/\">Brosch\u00fcre<\/a> f\u00fcr die Projektwoche. Die Sch\u00fclerinnen und Sch\u00fcler gelangen auf die <\/span><a href=\"https:\/\/groople.ch\/de\/howto-2\/oeffentliche-anmeldung-der-teilnehmer\/\"><span style=\"font-weight: 400;\">Anmeldung (Personalien erfassen)<\/span><\/a><span style=\"font-weight: 400;\">, geben die <\/span><a href=\"https:\/\/docs.google.com\/presentation\/d\/1ud-BwGBo3SYxq_ZE54BAWhiB-hfy3mAEl3Ysb-EuUVM\/\"><span style=\"font-weight: 400;\">Pr\u00e4senzangabe und Aktivit\u00e4tenauswahl<\/span><\/a><span style=\"font-weight: 400;\"> der Module und Wahlf\u00e4cher an, und k\u00f6nnen zus\u00e4tzlich die <\/span><a href=\"https:\/\/docs.google.com\/presentation\/d\/1ud-BwGBo3SYxq_ZE54BAWhiB-hfy3mAEl3Ysb-EuUVM\/\"><span style=\"font-weight: 400;\">Wunschlisten erstellen<\/span><\/a><span style=\"font-weight: 400;\">. <\/span><a href=\"https:\/\/groople.ch\/de\/howto-2\/groople-pro-begleiter-verwaltung\/\"><span style=\"font-weight: 400;\">Begleitpersonen w\u00e4hlen Ihre Gruppen<\/span><\/a><span style=\"font-weight: 400;\">, und holen beim Schul-Administrator <\/span><a href=\"https:\/\/groople.ch\/de\/howto-2\/groople-pro-begleiter-verwaltung\/\"><span style=\"font-weight: 400;\">Gruppeninformationen \/ Pr\u00e4senzlisten<\/span><\/a><span style=\"font-weight: 400;\">. <a href=\"https:\/\/groople.ch\/de\/?p=1605\">Neue Schul Administratoren<\/a> k\u00f6nnen hinzugef\u00fcgt werden. Die Kommunikation mit Teilnehmer, Begleitpersonen und Aktivit\u00e4tsleiter kann <a href=\"https:\/\/groople.ch\/de\/howto-2\/elektronische-kommunikation-mit-den-teilnehmern-und-den-begleitern\/\">mittels Software elektronisch<\/a> erfolgen.\u00a0<\/span><\/p>\n<h2><span style=\"font-weight: 400;\">Phase 3: Restplatzb\u00f6rse: Freibleibende Pl\u00e4tze der Projektwoche zuteilen, manuelle Ein- und Umteilung vornehmen durch Schul-Administratoren<\/span><\/h2>\n<p><span style=\"font-weight: 400;\">In der dritten und letzten Phase \u00f6ffnet der Schul-Administrator die Restplatzb\u00f6rse f\u00fcr freibleibende Pl\u00e4tze, und kann <\/span><a href=\"https:\/\/groople.ch\/de\/?p=1603\"><span style=\"font-weight: 400;\">manuell Ein- und Um-Teilungen der Teilnehmer<\/span><\/a><span style=\"font-weight: 400;\"> vornehmen. Die Sch\u00fclerinnen und Sch\u00fcler gelangen per Mail auf die <\/span><a href=\"https:\/\/groople.ch\/de\/howto-2\/restplaetze-verteilen\/\"><span style=\"font-weight: 400;\">Restplatzb\u00f6rse<\/span><\/a><span style=\"font-weight: 400;\"> der noch zu belgenden Kursen, Modulen oder Wahlf\u00e4chern. Die <\/span><a href=\"https:\/\/groople.ch\/de\/?p=1616\"><span style=\"font-weight: 400;\">Aktivit\u00e4tsleiter holen Pr\u00e4senzlisten<\/span><\/a><span style=\"font-weight: 400;\">. Der Prozess ist abgeschlossen, und kann f\u00fcr kommende Events <a href=\"https:\/\/groople.ch\/de\/howto-2\/mehrere-events-verwalten\/\">wieder verwendet<\/a> werden.<\/span><\/p>\n<p>Falls einem Schul-Administrator das Passwort verloren geht, kann die Software es <a href=\"https:\/\/groople.ch\/de\/?p=1534\">problemlos zur\u00fccksetzen<\/a>.<\/p>\n<\/div>\n<p>[\/et_pb_text][\/et_pb_column][\/et_pb_row][\/et_pb_section]<\/p>\n","protected":false},"excerpt":{"rendered":"<p>[et_pb_section admin_label=&#8220;Section&#8220; fullwidth=&#8220;off&#8220; specialty=&#8220;off&#8220; transparent_background=&#8220;on&#8220; background_color=&#8220;#ffffff&#8220; allow_player_pause=&#8220;off&#8220; inner_shadow=&#8220;off&#8220; parallax=&#8220;off&#8220; parallax_method=&#8220;off&#8220; padding_mobile=&#8220;off&#8220; make_fullwidth=&#8220;off&#8220; use_custom_width=&#8220;off&#8220; width_unit=&#8220;on&#8220; make_equal=&#8220;off&#8220; use_custom_gutter=&#8220;off&#8220; module_class=&#8220;page-aide-1&#8243; custom_css_main_element=&#8220;background:#c9dee6;&#8220;][et_pb_row admin_label=&#8220;Row&#8220;][et_pb_column type=&#8220;4_4&#8243;][et_pb_text admin_label=&#8220;Text&#8220; saved_tabs=&#8220;all&#8220; background_layout=&#8220;light&#8220; text_orientation=&#8220;left&#8220; use_border_color=&#8220;off&#8220; border_color=&#8220;#ffffff&#8220; border_style=&#8220;solid&#8220; header_letter_spacing=&#8220;12px&#8220;] Projektwoche &#8211; Projekttage mit der Software Groople Nutzung der Software: Anleitung und Hilfe f\u00fcr Projekttage oder Projektwoche Groople ist eine online-L\u00f6sung f\u00fcr die Organisation von Events wie [&hellip;]<\/p>\n","protected":false},"author":17,"featured_media":0,"parent":0,"menu_order":0,"comment_status":"closed","ping_status":"closed","template":"","meta":{"_et_pb_use_builder":"on","_et_pb_old_content":"","_et_gb_content_width":""},"acf":[],"_links":{"self":[{"href":"https:\/\/groople.ch\/de\/wp-json\/wp\/v2\/pages\/1554"}],"collection":[{"href":"https:\/\/groople.ch\/de\/wp-json\/wp\/v2\/pages"}],"about":[{"href":"https:\/\/groople.ch\/de\/wp-json\/wp\/v2\/types\/page"}],"author":[{"embeddable":true,"href":"https:\/\/groople.ch\/de\/wp-json\/wp\/v2\/users\/17"}],"replies":[{"embeddable":true,"href":"https:\/\/groople.ch\/de\/wp-json\/wp\/v2\/comments?post=1554"}],"version-history":[{"count":1,"href":"https:\/\/groople.ch\/de\/wp-json\/wp\/v2\/pages\/1554\/revisions"}],"predecessor-version":[{"id":2170,"href":"https:\/\/groople.ch\/de\/wp-json\/wp\/v2\/pages\/1554\/revisions\/2170"}],"wp:attachment":[{"href":"https:\/\/groople.ch\/de\/wp-json\/wp\/v2\/media?parent=1554"}],"curies":[{"name":"wp","href":"https:\/\/api.w.org\/{rel}","templated":true}]}}